{"id":24,"date":"2015-04-18T06:37:16","date_gmt":"2015-04-18T06:37:16","guid":{"rendered":"http:\/\/disenopaginasweb.net\/aleman\/?page_id=24"},"modified":"2025-05-09T14:54:09","modified_gmt":"2025-05-09T12:54:09","slug":"metodologia","status":"publish","type":"page","link":"https:\/\/profesornativodealeman.com\/clases-aleman\/metodologia\/","title":{"rendered":"Metodolog\u00eda"},"content":{"rendered":"<p>[et_pb_section fb_built=\u00bb1&#8243; _builder_version=\u00bb3.22&#8243; custom_padding=\u00bb||0px|\u00bb][et_pb_row column_structure=\u00bb2_3,1_3&#8243; _builder_version=\u00bb3.25&#8243; background_size=\u00bbinitial\u00bb background_position=\u00bbtop_left\u00bb background_repeat=\u00bbrepeat\u00bb][et_pb_column type=\u00bb2_3&#8243; _builder_version=\u00bb3.25&#8243; custom_padding=\u00bb|||\u00bb custom_padding__hover=\u00bb|||\u00bb][et_pb_blurb title=\u00bb%22Tu coach \/ entrenador personal de alem\u00e1n%22&#8243; use_icon=\u00bbon\u00bb font_icon=\u00bb%%91%%\u00bb icon_placement=\u00bbleft\u00bb content_max_width=\u00bb1100px\u00bb _builder_version=\u00bb3.10&#8243; header_level=\u00bbh3&#8243; header_font=\u00bb|800|||||||\u00bb header_text_color=\u00bb#ff0000&#8243;]<\/p>\n<p><em>\u201cPara aprender alem\u00e1n de manera r\u00e1pida y eficaz, no basta solo con dominar la gram\u00e1tica, el vocabulario, entender el idioma y saber expresarse con fluidez. Este proceso es mucho m\u00e1s complejo y requiere de todo el apoyo que el profesor pueda dar al alumn@. <\/em><\/p>\n<p><em>Ah\u00ed radica, precisamente, la diferencia entre un profesor y un coach\/entrenador personal en alem\u00e1n. La capacidad para empatizar con el alumn@, generar y mantener un ambiente de confianza y respeto, mantener una motivaci\u00f3n constante, hacer frente a los baches y dificultades que vayan surgiendo\u2026 Ese es el compromiso que adquiero con cada alumn@.\u201d<\/em><\/p>\n<p><em>Tobias Woelke Profesor-Coach nativo y acreditado de\u00a0<\/em><i>alem\u00e1n<\/i><\/p>\n<p>[\/et_pb_blurb][\/et_pb_column][et_pb_column type=\u00bb1_3&#8243; _builder_version=\u00bb3.25&#8243; custom_padding=\u00bb|||\u00bb custom_padding__hover=\u00bb|||\u00bb][et_pb_image src=\u00bbhttps:\/\/profesornativodealeman.com\/clases-aleman\/wp-content\/uploads\/2018\/06\/coach-aleman-aprender-idioma.jpg\u00bb align=\u00bbcenter\u00bb align_tablet=\u00bbcenter\u00bb align_phone=\u00bb\u00bb align_last_edited=\u00bbon|desktop\u00bb _builder_version=\u00bb3.23&#8243;]<\/p>\n<p>&nbsp;<\/p>\n<p>[\/et_pb_image][\/et_pb_column][\/et_pb_row][et_pb_row column_structure=\u00bb2_3,1_3&#8243; _builder_version=\u00bb3.25&#8243; background_size=\u00bbinitial\u00bb background_position=\u00bbtop_left\u00bb background_repeat=\u00bbrepeat\u00bb][et_pb_column type=\u00bb2_3&#8243; _builder_version=\u00bb3.25&#8243; custom_padding=\u00bb|||\u00bb custom_padding__hover=\u00bb|||\u00bb][et_pb_blurb title=\u00bb \u00bfQu\u00e9 es y qu\u00e9 ofrece un coach de alem\u00e1n? \u00bb use_icon=\u00bbon\u00bb font_icon=\u00bb%%148%%\u00bb icon_placement=\u00bbleft\u00bb content_max_width=\u00bb1100px\u00bb _builder_version=\u00bb3.10&#8243; header_level=\u00bbh3&#8243; header_font=\u00bb|800|||||||\u00bb header_text_color=\u00bb#ff0000&#8243;]<\/p>\n<p>Soy nativo alem\u00e1n y coach por vocaci\u00f3n. En estos a\u00f1os, me he formado para ser entrenador personal de alem\u00e1n, con el objetivo de ayudar a cada alumno a conseguir sus objetivos en este idioma.Entiendo el proceso de aprendizaje desde un punto de vista global, en el que influyen muchos factores. Por ello, mi objetivo como coach de alem\u00e1n es entender, motivar y apoyar al alumno en todo este proceso y, especialmente, en las fases<br \/>\ncr\u00edticas.<\/p>\n<p>[\/et_pb_blurb][\/et_pb_column][et_pb_column type=\u00bb1_3&#8243; _builder_version=\u00bb3.25&#8243; custom_padding=\u00bb|||\u00bb custom_padding__hover=\u00bb|||\u00bb][\/et_pb_column][\/et_pb_row][et_pb_row column_structure=\u00bb2_3,1_3&#8243; _builder_version=\u00bb3.25&#8243; background_size=\u00bbinitial\u00bb background_position=\u00bbtop_left\u00bb background_repeat=\u00bbrepeat\u00bb][et_pb_column type=\u00bb2_3&#8243; _builder_version=\u00bb3.25&#8243; custom_padding=\u00bb|||\u00bb custom_padding__hover=\u00bb|||\u00bb][et_pb_blurb title=\u00bb\u00bfEn que te puede ayudar un coach de aleman?\u00bb use_icon=\u00bbon\u00bb font_icon=\u00bb%%84%%\u00bb icon_placement=\u00bbleft\u00bb content_max_width=\u00bb1100px\u00bb _builder_version=\u00bb3.10&#8243; header_level=\u00bbh3&#8243; header_font=\u00bb|800|||||||\u00bb header_text_color=\u00bb#ff0000&#8243;]<\/p>\n<ul>\n<li>Aprender\u00e1s de manera eficaz y eficiente el idioma.<\/li>\n<li>Podr\u00e1s aumentar y mantener tu motivaci\u00f3n durante el proceso de aprendizaje.<\/li>\n<li>Superar\u00e1s el miedo a comunicarte en alem\u00e1n.<\/li>\n<li>Recuperar\u00e1s la ilusi\u00f3n por aprender alem\u00e1n, en el caso de que hayas sufrido malas experiencias.<\/li>\n<li>Descubrir\u00e1s y potenciar\u00e1s tus capacidades de comunicaci\u00f3n.<\/li>\n<\/ul>\n<p>[\/et_pb_blurb][\/et_pb_column][et_pb_column type=\u00bb1_3&#8243; _builder_version=\u00bb3.25&#8243; custom_padding=\u00bb|||\u00bb custom_padding__hover=\u00bb|||\u00bb][\/et_pb_column][\/et_pb_row][et_pb_row column_structure=\u00bb2_3,1_3&#8243; _builder_version=\u00bb3.25&#8243; background_size=\u00bbinitial\u00bb background_position=\u00bbtop_left\u00bb background_repeat=\u00bbrepeat\u00bb][et_pb_column type=\u00bb2_3&#8243; _builder_version=\u00bb3.25&#8243; custom_padding=\u00bb|||\u00bb custom_padding__hover=\u00bb|||\u00bb][et_pb_blurb title=\u00bbUn m\u00e9todo rapido y eficaz\u00bb use_icon=\u00bbon\u00bb font_icon=\u00bb%%151%%\u00bb icon_placement=\u00bbleft\u00bb content_max_width=\u00bb1100px\u00bb _builder_version=\u00bb3.10&#8243; header_level=\u00bbh3&#8243; header_font=\u00bb|800|||||||\u00bb header_text_color=\u00bb#ff0000&#8243;]<\/p>\n<ul>\n<li>Clases personalizadas, one-to-one o en grupos muy reducidos.<\/li>\n<li>Clases exclusivas y adaptadas a tus necesidades. Practicaremos vocabulario centrado en tu \u00e1mbito de estudio \/ laboral.<\/li>\n<li>Clases adaptadas a tu ritmo de aprendizaje. Avanzar\u00e1s tanto y tan r\u00e1pido como te lo propongas, ya que son clases dedicadas solo a ti.<\/li>\n<\/ul>\n<p>[\/et_pb_blurb][\/et_pb_column][et_pb_column type=\u00bb1_3&#8243; _builder_version=\u00bb3.25&#8243; custom_padding=\u00bb|||\u00bb custom_padding__hover=\u00bb|||\u00bb][\/et_pb_column][\/et_pb_row][et_pb_row column_structure=\u00bb2_3,1_3&#8243; _builder_version=\u00bb3.25&#8243; background_size=\u00bbinitial\u00bb background_position=\u00bbtop_left\u00bb background_repeat=\u00bbrepeat\u00bb][et_pb_column type=\u00bb2_3&#8243; _builder_version=\u00bb3.25&#8243; custom_padding=\u00bb|||\u00bb custom_padding__hover=\u00bb|||\u00bb][et_pb_blurb title=\u00bb\u00bfQu\u00e9 metodolog\u00eda se utiliza en las clases?\u00bb use_icon=\u00bbon\u00bb font_icon=\u00bb%%134%%\u00bb icon_placement=\u00bbleft\u00bb _builder_version=\u00bb4.6.5&#8243; header_level=\u00bbh3&#8243; header_font=\u00bb|800|||||||\u00bb header_text_color=\u00bb#ff0000&#8243; hover_enabled=\u00bb0&#8243; content_max_width=\u00bb1100px\u00bb sticky_enabled=\u00bb0&#8243;]<\/p>\n<p style=\"text-align: justify;\">Hay millones de personas que han conseguido aprender alem\u00e1n\u2026 y usted tambi\u00e9n puede conseguirlo.<\/p>\n<p style=\"text-align: justify;\">El m\u00e9todo puede ser, o bien, personalizado en clases individuales, o bien, en clases en grupo fijando un objetivo com\u00fan pero con refuerzos individuales, para que todos los alumnos consigan los objetivos.<\/p>\n<p style=\"text-align: justify;\">El alumno debe \u201csumergirse\u201d en el idioma. No se aprende un idioma solo con memorizar\u00a0 tablas gramaticales o haciendo miles de ejercicios, hay que practicarlo. Es muy importante un aprendizaje continuo y sin interrupciones.<\/p>\n<p style=\"text-align: justify;\">Como norma general es muy importante ense\u00f1ar los 4 pilares del idioma que son:<\/p>\n<ul>\n<li><span style=\"color: #ff0000;\"><strong>HABLAR<\/strong><\/span><\/li>\n<li><span style=\"color: #ff0000;\"><strong>ESCUCHAR<\/strong><\/span><\/li>\n<li><span style=\"color: #ff0000;\"><strong>LEER<\/strong><\/span><\/li>\n<li><span style=\"color: #ff0000;\"><strong>ESCRIBIR<\/strong><\/span><\/li>\n<\/ul>\n<p>[\/et_pb_blurb][\/et_pb_column][et_pb_column type=\u00bb1_3&#8243; _builder_version=\u00bb3.25&#8243; custom_padding=\u00bb|||\u00bb custom_padding__hover=\u00bb|||\u00bb][\/et_pb_column][\/et_pb_row][\/et_pb_section]<\/p>\n","protected":false},"excerpt":{"rendered":"<p>[et_pb_section fb_built=\u00bb1&#8243; _builder_version=\u00bb3.22&#8243; custom_padding=\u00bb||0px|\u00bb][et_pb_row column_structure=\u00bb2_3,1_3&#8243; _builder_version=\u00bb3.25&#8243; background_size=\u00bbinitial\u00bb background_position=\u00bbtop_left\u00bb background_repeat=\u00bbrepeat\u00bb][et_pb_column type=\u00bb2_3&#8243; _builder_version=\u00bb3.25&#8243; custom_padding=\u00bb|||\u00bb custom_padding__hover=\u00bb|||\u00bb][et_pb_blurb title=\u00bb%22Tu coach \/ entrenador personal de alem\u00e1n%22&#8243; use_icon=\u00bbon\u00bb font_icon=\u00bb%%91%%\u00bb icon_placement=\u00bbleft\u00bb content_max_width=\u00bb1100px\u00bb _builder_version=\u00bb3.10&#8243; header_level=\u00bbh3&#8243; header_font=\u00bb|800|||||||\u00bb header_text_color=\u00bb#ff0000&#8243;] \u201cPara aprender alem\u00e1n de manera r\u00e1pida y eficaz, no basta solo con dominar la gram\u00e1tica, el vocabulario, entender el idioma y saber expresarse con fluidez. Este proceso [&hellip;]<\/p>\n","protected":false},"author":4,"featured_media":0,"parent":0,"menu_order":0,"comment_status":"open","ping_status":"closed","template":"","meta":{"footnotes":""},"tags":[],"class_list":["post-24","page","type-page","status-publish","hentry"],"_links":{"self":[{"href":"https:\/\/profesornativodealeman.com\/clases-aleman\/wp-json\/wp\/v2\/pages\/24","targetHints":{"allow":["GET"]}}],"collection":[{"href":"https:\/\/profesornativodealeman.com\/clases-aleman\/wp-json\/wp\/v2\/pages"}],"about":[{"href":"https:\/\/profesornativodealeman.com\/clases-aleman\/wp-json\/wp\/v2\/types\/page"}],"author":[{"embeddable":true,"href":"https:\/\/profesornativodealeman.com\/clases-aleman\/wp-json\/wp\/v2\/users\/4"}],"replies":[{"embeddable":true,"href":"https:\/\/profesornativodealeman.com\/clases-aleman\/wp-json\/wp\/v2\/comments?post=24"}],"version-history":[{"count":0,"href":"https:\/\/profesornativodealeman.com\/clases-aleman\/wp-json\/wp\/v2\/pages\/24\/revisions"}],"wp:attachment":[{"href":"https:\/\/profesornativodealeman.com\/clases-aleman\/wp-json\/wp\/v2\/media?parent=24"}],"wp:term":[{"taxonomy":"post_tag","embeddable":true,"href":"https:\/\/profesornativodealeman.com\/clases-aleman\/wp-json\/wp\/v2\/tags?post=24"}],"curies":[{"name":"wp","href":"https:\/\/api.w.org\/{rel}","templated":true}]}}