{"id":5699,"date":"2018-02-06T07:38:23","date_gmt":"2018-02-06T07:38:23","guid":{"rendered":"http:\/\/disenopaginasweb.net\/aleman\/?page_id=5699"},"modified":"2025-05-09T14:37:25","modified_gmt":"2025-05-09T12:37:25","slug":"aviso-legal","status":"publish","type":"page","link":"https:\/\/profesornativodealeman.com\/clases-aleman\/aviso-legal\/","title":{"rendered":"Aviso Legal"},"content":{"rendered":"<p>En cumplimiento de la Ley 34\/2002, de 11 de julio, de Servicios de la Sociedad de la Informaci\u00f3n y de Comercio Electr\u00f3nico (LSSICE), informa que:<\/p>\n<p><strong>1.<\/strong> www.profesornativodealeman.com, es una web titularidad de D. Horst Tobias Kubutsch, con domicilio en la Calle Barbieri 9, CP 28004 (Madrid) Espa\u00f1a, y N.I.E.: X-3702578S. Para comunicarse con nosotros, ponemos a su disposici\u00f3n la siguiente direcci\u00f3n de correo electr\u00f3nico: tobiaswoelke39@gmail.com.<\/p>\n<p><strong>2.<\/strong> El dominio www.profesornativodealeman.com tiene por objeto facilitar la descripci\u00f3n de cada uno de los servicios que se ofrecen, en cuanto a la posibilidad de aprender el idioma alem\u00e1n impartido por un profesor nativo con experiencia en al \u00e1mbito acad\u00e9mico, mediante Clases Online a trav\u00e9s de Zoom, o Clases Presenciales con el traslado del profesor al domicilio indicado, dentro de la Comunidad Aut\u00f3noma de Madrid.<\/p>\n<p><strong>3.<\/strong> Estas condiciones generales regulan el acceso y utilizaci\u00f3n del sitio web www.profesornativodealeman.com (en adelante \u00abla Web\u00bb) que el titular del mismo pone gratuitamente a disposici\u00f3n de los usuarios de Internet. El acceso al sitio implica la aceptaci\u00f3n \u00edntegra de las presentes condiciones, sin perjuicio de las condiciones generales o particulares previstas para determinados y concretos servicios, y que se entender\u00e1n aceptadas por el mero uso de los mismos.<\/p>\n<p><strong>4.<\/strong> Los derechos de propiedad intelectual de la p\u00e1gina www.profesornativodealeman.com, as\u00ed como su c\u00f3digo fuente, dise\u00f1o, estructura de navegaci\u00f3n, bases de datos y los distintos elementos en \u00e9l contenidos son titularidad de D. Horst Tobias Kubutsch, que goza de la titularidad de los derechos exclusivos de explotaci\u00f3n de los mismos en cualquier forma, especialmente a trav\u00e9s de los\u00a0 derechos de reproducci\u00f3n, distribuci\u00f3n, comunicaci\u00f3n p\u00fablica y transformaci\u00f3n.<\/p>\n<p><strong>5.<\/strong> Se autoriza la visualizaci\u00f3n, impresi\u00f3n y descarga parcial del contenido de la Web s\u00f3lo y exclusivamente si concurren las siguientes condiciones:<\/p>\n<p>\u2022 Compatibilidad con los fines de la Web.<br \/>\n\u2022 \u00c1nimo exclusivo de obtener la informaci\u00f3n contenida para uso personal y privado. Se proh\u00edbe expresamente su utilizaci\u00f3n con fines comerciales o para su distribuci\u00f3n, comunicaci\u00f3n p\u00fablica, transformaci\u00f3n o descompilaci\u00f3n.<br \/>\n\u2022 Respeto de la integridad de los contenidos de la Web, prohibi\u00e9ndose expresamente cualquier modificaci\u00f3n de los mismos.<br \/>\n\u2022 No utilizaci\u00f3n de las fotos, gr\u00e1ficos o im\u00e1genes disponibles en la Web separadamente<br \/>\ndel texto o del resto de im\u00e1genes que los acompa\u00f1en.<\/p>\n<p><strong>6.<\/strong> Se reserva la facultad de efectuar, en cualquier momento y sin necesidad de previo aviso, modificaciones y actualizaciones de la informaci\u00f3n contenida en la Web, de la configuraci\u00f3n y dise\u00f1o de \u00e9sta y de las condiciones de acceso.<\/p>\n<p><strong>7.<\/strong> No se garantiza la inexistencia de interrupciones o errores en el acceso a la Web o a su contenido, ni que \u00e9ste se encuentre actualizado, si bien se compromete a llevar a\u00a0 cabo, siempre que no concurran causas que lo hagan imposible o de dif\u00edcil ejecuci\u00f3n, y tan pronto tenga noticia de los errores, desconexiones o falta de actualizaci\u00f3n en loscontenidos, todas\u00a0 aquellas labores tendentes a subsanar los errores, restablecer la comunicaci\u00f3n y actualizar los contenidos.<\/p>\n<p><strong>8.<\/strong> Tanto el acceso a la Web como el uso indebido que pueda efectuarse de la informaci\u00f3n contenida en la misma es de la exclusiva responsabilidad de quien lo realiza. D. Horst Tobias Kubutsch no responder\u00e1 de ninguna consecuencia, da\u00f1o o perjuicio que pudieran derivarse de dicho acceso o uso. D. Horst Tobias Kubutsch tampoco se hace responsable de los errores de seguridad que se puedan producir, ni de los da\u00f1os que puedan causarse al sistema inform\u00e1tico del usuario (hardware y software), o a los ficheros o documentos almacenados en el mismo, como consecuencia de:<br \/>\n\u2022 La presencia de un virus en el ordenador del usuario que sea utilizado para la conexi\u00f3n a los servicios y contenidos de la Web.<br \/>\n\u2022 Un mal funcionamiento del navegador.<br \/>\n\u2022 Del uso de versiones no actualizadas del mismo.<\/p>\n<p><strong>9.<\/strong> No se asumir\u00e1 responsabilidad alguna derivada de los contenidos enlazados desde la Web, siempre que sean ajenos a la misma, ni garantiza la ausencia de virus u otros elementos en los mismos que puedan producir alteraciones en el sistema inform\u00e1tico (hardware y software), en los documentos o los ficheros del usuario, excluyendo cualquier responsabilidad por los da\u00f1os de cualquier clase causados al usuario por este motivo.<\/p>\n<p>En el caso de que cualquier usuario, cliente o un tercero, considerara que el contenido o los servicios prestados por las p\u00e1ginas enlazadas son il\u00edcitos o lesionan bienes o derechos del propio usuario, de un cliente o de un tercero susceptibles de indemnizaci\u00f3n, y, en particular, consistan en:<br \/>\n\u2022 Actividades o contenidos susceptibles de ser considerados delictivos conforme la<br \/>\nnormativa penal espa\u00f1ola.<br \/>\n\u2022 Actividades o contenidos que violen derechos de propiedad intelectual o industrial.<br \/>\n\u2022 Actividades o contenidos que pongan en peligro el orden p\u00fablico, la investigaci\u00f3n penal, la seguridad p\u00fablica y la defensa nacional.<br \/>\n\u2022 Actividades o contenidos que pongan en peligro la protecci\u00f3n de la salud p\u00fablica, el respeto a la dignidad de la persona y al principio de no discriminaci\u00f3n, y la protecci\u00f3n de la salud y la infancia.<\/p>\n<p>El usuario deber\u00e1 enviar un correo electr\u00f3nico a (tobiaswoelke39@gmail.com) para que los administradores inicien el procedimiento adecuado para solventar los problemas pertinentes.<\/p>\n<p><strong>10.<\/strong> D. Horst Tobias Kubutsch es titular de los derechos de propiedad industrial referidos a sus productos y servicios. Respecto a las citas de productos y servicios de terceros, D. Horst Tobias Kubutsch reconoce a favor de sus titulares los correspondientes derechos de propiedad industrial e intelectual, no implicando su sola menci\u00f3n o aparici\u00f3n en la Web la existencia de derechos o responsabilidad alguna de \u00e9ste sobre los mismos, como tampoco respaldo, patrocinio, o recomendaci\u00f3n por su parte a no ser que se manifieste de manera expresa.<\/p>\n<p><strong>11.<\/strong> La utilizaci\u00f3n no autorizada de la informaci\u00f3n contenida en la Web, su reventa, as\u00ed como la lesi\u00f3n de los derechos de Propiedad Intelectual del titular de la misma dar\u00e1 lugar a las responsabilidades legalmente establecidas.<\/p>\n<p><strong>12.<\/strong> El propietario de la presente p\u00e1gina web, y el usuario, con renuncia expresa a cualquier otro fuero, se someten al de los juzgados y tribunales del domicilio del usuario para cualquier controversia que pudiera derivarse del acceso, o uso de la Web.<\/p>\n","protected":false},"excerpt":{"rendered":"<p>En cumplimiento de la Ley 34\/2002, de 11 de julio, de Servicios de la Sociedad de la Informaci\u00f3n y de Comercio Electr\u00f3nico (LSSICE), informa que: 1. www.profesornativodealeman.com, es una web titularidad de D. Horst Tobias Kubutsch, con domicilio en la Calle Barbieri 9, CP 28004 (Madrid) Espa\u00f1a, y N.I.E.: X-3702578S. Para comunicarse con nosotros, ponemos [&hellip;]<\/p>\n","protected":false},"author":4,"featured_media":0,"parent":0,"menu_order":0,"comment_status":"closed","ping_status":"closed","template":"","meta":{"footnotes":""},"tags":[],"class_list":["post-5699","page","type-page","status-publish","hentry"],"_links":{"self":[{"href":"https:\/\/profesornativodealeman.com\/clases-aleman\/wp-json\/wp\/v2\/pages\/5699","targetHints":{"allow":["GET"]}}],"collection":[{"href":"https:\/\/profesornativodealeman.com\/clases-aleman\/wp-json\/wp\/v2\/pages"}],"about":[{"href":"https:\/\/profesornativodealeman.com\/clases-aleman\/wp-json\/wp\/v2\/types\/page"}],"author":[{"embeddable":true,"href":"https:\/\/profesornativodealeman.com\/clases-aleman\/wp-json\/wp\/v2\/users\/4"}],"replies":[{"embeddable":true,"href":"https:\/\/profesornativodealeman.com\/clases-aleman\/wp-json\/wp\/v2\/comments?post=5699"}],"version-history":[{"count":0,"href":"https:\/\/profesornativodealeman.com\/clases-aleman\/wp-json\/wp\/v2\/pages\/5699\/revisions"}],"wp:attachment":[{"href":"https:\/\/profesornativodealeman.com\/clases-aleman\/wp-json\/wp\/v2\/media?parent=5699"}],"wp:term":[{"taxonomy":"post_tag","embeddable":true,"href":"https:\/\/profesornativodealeman.com\/clases-aleman\/wp-json\/wp\/v2\/tags?post=5699"}],"curies":[{"name":"wp","href":"https:\/\/api.w.org\/{rel}","templated":true}]}}